{"id":538,"date":"2022-09-16T13:01:20","date_gmt":"2022-09-16T13:01:20","guid":{"rendered":"http:\/\/www.drnaturalist.com\/?page_id=538"},"modified":"2022-12-28T11:34:49","modified_gmt":"2022-12-28T11:34:49","slug":"naturel-kozmeti","status":"publish","type":"page","link":"https:\/\/www.drnaturalist.com\/index.php\/naturel-kozmeti\/","title":{"rendered":"Naturel Kozmetik"},"content":{"rendered":"\n<h1 class=\"has-text-align-center wp-block-heading\"><strong>NATUREL K<\/strong>OZMET\u0130K<\/h1>\n\n\n\n<figure class=\"wp-block-image size-large is-style-rounded\"><img loading=\"lazy\" decoding=\"async\" width=\"1024\" height=\"683\" src=\"https:\/\/www.drnaturalist.com\/wp-content\/uploads\/2022\/11\/kozmetik-7-1024x683.jpg\" alt=\"\" class=\"wp-image-832\" srcset=\"https:\/\/www.drnaturalist.com\/wp-content\/uploads\/2022\/11\/kozmetik-7-1024x683.jpg 1024w, https:\/\/www.drnaturalist.com\/wp-content\/uploads\/2022\/11\/kozmetik-7-300x200.jpg 300w, https:\/\/www.drnaturalist.com\/wp-content\/uploads\/2022\/11\/kozmetik-7-768x512.jpg 768w, https:\/\/www.drnaturalist.com\/wp-content\/uploads\/2022\/11\/kozmetik-7-1140x760.jpg 1140w, https:\/\/www.drnaturalist.com\/wp-content\/uploads\/2022\/11\/kozmetik-7-920x613.jpg 920w, https:\/\/www.drnaturalist.com\/wp-content\/uploads\/2022\/11\/kozmetik-7-575x383.jpg 575w, https:\/\/www.drnaturalist.com\/wp-content\/uploads\/2022\/11\/kozmetik-7-380x253.jpg 380w, https:\/\/www.drnaturalist.com\/wp-content\/uploads\/2022\/11\/kozmetik-7-420x280.jpg 420w, https:\/\/www.drnaturalist.com\/wp-content\/uploads\/2022\/11\/kozmetik-7-800x533.jpg 800w, https:\/\/www.drnaturalist.com\/wp-content\/uploads\/2022\/11\/kozmetik-7.jpg 1380w\" sizes=\"auto, (max-width: 1024px) 100vw, 1024px\" \/><\/figure>\n\n\n\n<h2 class=\"wp-block-heading\"><strong>Naturel kozmetik nedir<\/strong><\/h2>\n\n\n\n<p>G\u00fcn\u00fcm\u00fczde ev kullan\u0131m\u0131na y\u00f6nelik kozmetik bak\u0131m \u00fcr\u00fcnleri, sa\u011fl\u0131\u011f\u0131na \u00f6nem veren, \u00e7ekici g\u00f6r\u00fcnmek ve m\u00fcmk\u00fcn oldu\u011fu kadar gen\u00e7li\u011fini korumak i\u00e7in \u00e7abalayan her kad\u0131n\u0131n evinde bulunmaktad\u0131r. B\u00f6yle bir sonuca ula\u015fmak kolay m\u0131? Tabii ki de\u011fil. Ekolojik durum, s\u00fcrekli a\u015f\u0131r\u0131 gerginlik, s\u00fcrekli y\u00fcksek stres seviyeleri ve do\u011fal olmayan yiyecekler g\u00f6z \u00f6n\u00fcne al\u0131nd\u0131\u011f\u0131nda, yard\u0131mc\u0131 maddeler kullan\u0131lmadan cilt ve sa\u00e7\u0131n iyi durumda olmas\u0131 zordur.<\/p>\n\n\n\n<p>Ancak t\u00fcm kozmetikler e\u015fit derecede etkili ve yararl\u0131 de\u011fildir. Ger\u00e7ek \u015fu ki, an\u0131nda sonu\u00e7 elde etmek i\u00e7in bir\u00e7ok kozmetik \u015firketi \u00fcr\u00fcnlerine sentetik bile\u015fenler kat\u0131yor. Ger\u00e7ekten \u00e7ok etkilidirler, ancak eksikliklerinin say\u0131s\u0131 \u00e7ok daha fazlad\u0131r. \u00d6zellikle kullan\u0131m kesildikten hemen sonra etkilerinin etkisi ortadan kalkar, ciltte toksinler birikir ve bile\u015fenlere ba\u011f\u0131ml\u0131l\u0131k olu\u015fur. Bo\u015funa risk almamak ve ard\u0131ndan olumsuz sonu\u00e7lar\u0131 olan uzun bir m\u00fccadeleye girmemek i\u00e7in, \u00e7ok daha g\u00fcvenli ve daha kullan\u0131\u015fl\u0131 do\u011fal kozmetik \u00fcr\u00fcnleri tercih etmek daha iyidir.<\/p>\n\n\n\n<h2 class=\"wp-block-heading\"><strong>Do\u011fal kozmetikler ger\u00e7ekten bu kadar iyi mi ve kriterleri nelerdir?<\/strong><\/h2>\n\n\n\n<p>Bug\u00fcn \u00e7e\u015fitli kozmetiklerin ambalajlar\u0131nda, do\u011fall\u0131klar\u0131n\u0131 g\u00f6steren bir etiket g\u00f6rebilirsiniz, ancak baz\u0131 durumlarda bunun sadece \u00fcretici i\u00e7in faydal\u0131 olan bir pazarlama hilesi oldu\u011fu anla\u015f\u0131lmal\u0131d\u0131r. T\u00fcm do\u011fal \u00fcr\u00fcnleri kullanma ve sentetik \u00fcr\u00fcnlerden ka\u00e7\u0131nma y\u00f6n\u00fcndeki d\u00fcnya \u00e7ap\u0131ndaki e\u011filim, t\u00fcketici kitlesini \u00e7ekmek i\u00e7in \u015firketleri s\u0131kl\u0131kla aldatmaya itiyor. Bu nedenle, sat\u0131n almadan \u00f6nce \u00fcr\u00fcn\u00fcn bile\u015fimini dikkatlice incelemek \u00e7ok \u00f6nemlidir. Ger\u00e7ekten do\u011fal kozmetikler en az %95 do\u011fal i\u00e7erik i\u00e7ermeli ve BIO EcoCert, USDA, ICEA AIAB, BDIH  gibi sertifikal\u0131 olmal\u0131d\u0131r. Yaln\u0131zca %5 bitki d\u0131\u015f\u0131 (mineral) bile\u015fenlere izin verilir.<\/p>\n\n\n\n<figure class=\"wp-block-image size-large is-style-rounded\"><img loading=\"lazy\" decoding=\"async\" width=\"1024\" height=\"410\" src=\"https:\/\/www.drnaturalist.com\/wp-content\/uploads\/2022\/11\/Natural-kozmetik-20-1024x410.webp\" alt=\"\" class=\"wp-image-831\" srcset=\"https:\/\/www.drnaturalist.com\/wp-content\/uploads\/2022\/11\/Natural-kozmetik-20-1024x410.webp 1024w, https:\/\/www.drnaturalist.com\/wp-content\/uploads\/2022\/11\/Natural-kozmetik-20-300x120.webp 300w, https:\/\/www.drnaturalist.com\/wp-content\/uploads\/2022\/11\/Natural-kozmetik-20-768x307.webp 768w, https:\/\/www.drnaturalist.com\/wp-content\/uploads\/2022\/11\/Natural-kozmetik-20-1536x614.webp 1536w, https:\/\/www.drnaturalist.com\/wp-content\/uploads\/2022\/11\/Natural-kozmetik-20-1140x456.webp 1140w, https:\/\/www.drnaturalist.com\/wp-content\/uploads\/2022\/11\/Natural-kozmetik-20-920x368.webp 920w, https:\/\/www.drnaturalist.com\/wp-content\/uploads\/2022\/11\/Natural-kozmetik-20-575x230.webp 575w, https:\/\/www.drnaturalist.com\/wp-content\/uploads\/2022\/11\/Natural-kozmetik-20-380x152.webp 380w, https:\/\/www.drnaturalist.com\/wp-content\/uploads\/2022\/11\/Natural-kozmetik-20-420x168.webp 420w, https:\/\/www.drnaturalist.com\/wp-content\/uploads\/2022\/11\/Natural-kozmetik-20-800x320.webp 800w, https:\/\/www.drnaturalist.com\/wp-content\/uploads\/2022\/11\/Natural-kozmetik-20.webp 1800w\" sizes=\"auto, (max-width: 1024px) 100vw, 1024px\" \/><\/figure>\n\n\n\n<h2 class=\"wp-block-heading\"><strong>Do\u011fal kozmetik etiketi ne anlama geliyor? En az\u0131ndan, i\u00e7inde kesinlikle olmamas\u0131 gerekenler:<\/strong><\/h2>\n\n\n\n<ul class=\"wp-block-list\"><li><strong>Yapay boyalar;<\/strong><\/li><li><strong>Sentetik k\u00f6kenli parf\u00fcm kokular\u0131;<\/strong><\/li><li><strong>Hayvansal \u00fcr\u00fcnler;<\/strong><\/li><li><strong>Petrol \u00fcr\u00fcnleri;<\/strong><\/li><li><strong>Silikonlar;<\/strong><\/li><li><strong>Formaldehit i\u00e7eren maddeler;<\/strong><\/li><li><strong>GDO&#8217;lar;<\/strong><\/li><li><strong>Sodyum lauril  dahil t\u00fcm s\u00fclfatlar;<\/strong><\/li><\/ul>\n\n\n\n<p><strong>Bu t\u00fcr \u00fcr\u00fcnler hayvanlar \u00fczerinde test edilmemelidir<\/strong>.<\/p>\n\n\n\n<p> Bile\u015fimlerinde, ar\u0131t\u0131lm\u0131\u015f suyun izin verilen i\u00e7eri\u011fi % 65-70 olabilir.<\/p>\n","protected":false},"excerpt":{"rendered":"<p>NATUREL KOZMET\u0130K Naturel kozmetik nedir G\u00fcn\u00fcm\u00fczde ev kullan\u0131m\u0131na y\u00f6nelik kozmetik bak\u0131m \u00fcr\u00fcnleri, sa\u011fl\u0131\u011f\u0131na \u00f6nem veren, \u00e7ekici g\u00f6r\u00fcnmek ve m\u00fcmk\u00fcn oldu\u011fu kadar gen\u00e7li\u011fini korumak i\u00e7in \u00e7abalayan her kad\u0131n\u0131n evinde bulunmaktad\u0131r. B\u00f6yle [&hellip;]<\/p>\n","protected":false},"author":1,"featured_media":0,"parent":0,"menu_order":0,"comment_status":"closed","ping_status":"closed","template":"","meta":{"footnotes":""},"class_list":["post-538","page","type-page","status-publish","hentry"],"_links":{"self":[{"href":"https:\/\/www.drnaturalist.com\/index.php\/wp-json\/wp\/v2\/pages\/538","targetHints":{"allow":["GET"]}}],"collection":[{"href":"https:\/\/www.drnaturalist.com\/index.php\/wp-json\/wp\/v2\/pages"}],"about":[{"href":"https:\/\/www.drnaturalist.com\/index.php\/wp-json\/wp\/v2\/types\/page"}],"author":[{"embeddable":true,"href":"https:\/\/www.drnaturalist.com\/index.php\/wp-json\/wp\/v2\/users\/1"}],"replies":[{"embeddable":true,"href":"https:\/\/www.drnaturalist.com\/index.php\/wp-json\/wp\/v2\/comments?post=538"}],"version-history":[{"count":6,"href":"https:\/\/www.drnaturalist.com\/index.php\/wp-json\/wp\/v2\/pages\/538\/revisions"}],"predecessor-version":[{"id":855,"href":"https:\/\/www.drnaturalist.com\/index.php\/wp-json\/wp\/v2\/pages\/538\/revisions\/855"}],"wp:attachment":[{"href":"https:\/\/www.drnaturalist.com\/index.php\/wp-json\/wp\/v2\/media?parent=538"}],"curies":[{"name":"wp","href":"https:\/\/api.w.org\/{rel}","templated":true}]}}