{"id":464,"date":"2022-09-09T07:29:29","date_gmt":"2022-09-09T07:29:29","guid":{"rendered":"http:\/\/www.drnaturalist.com\/?page_id=464"},"modified":"2022-12-28T11:31:31","modified_gmt":"2022-12-28T11:31:31","slug":"fitoterapi","status":"publish","type":"page","link":"https:\/\/www.drnaturalist.com\/index.php\/fitoterapi\/","title":{"rendered":"Fitoterapi"},"content":{"rendered":"\n<h1 class=\"has-text-align-center wp-block-heading\"><strong>Fitoterapi<\/strong><\/h1>\n\n\n\n<p><\/p>\n\n\n\n<p>Fitoterapi bitkilerle tedavi anlam\u0131na gelen son y\u0131llarda muasir t\u0131p alan\u0131nda yerini sabitlemi\u015f bir tedaviler koludur. Asl\u0131nda bitkilerle tedavi y\u00fczy\u0131llar \u00f6ncesinden beri insan hayat\u0131n\u0131n bir par\u00e7as\u0131 olmu\u015ftur. Ancak kimyasal ila\u00e7lar\u0131n devreye girmesiyle bitkiler unutulmu\u015f ve geleneksel y\u00f6ntemler olarak bitki tedavileri pek \u00f6nemsenmez hale gelmi\u015ftir. G\u00fcn\u00fcm\u00fczde ise bitkilerin faydal\u0131 bilgileri, muas\u0131r t\u0131p olanaklar\u0131yla birle\u015ftiriliyor.&nbsp;<\/p>\n\n\n\n<figure class=\"wp-block-image alignwide size-large is-style-rounded\"><img loading=\"lazy\" decoding=\"async\" width=\"1024\" height=\"683\" src=\"https:\/\/www.drnaturalist.com\/wp-content\/uploads\/2022\/10\/FITOTERAPI-31-1024x683.webp\" alt=\"\" class=\"wp-image-791\" srcset=\"https:\/\/www.drnaturalist.com\/wp-content\/uploads\/2022\/10\/FITOTERAPI-31-1024x683.webp 1024w, https:\/\/www.drnaturalist.com\/wp-content\/uploads\/2022\/10\/FITOTERAPI-31-300x200.webp 300w, https:\/\/www.drnaturalist.com\/wp-content\/uploads\/2022\/10\/FITOTERAPI-31-768x512.webp 768w, https:\/\/www.drnaturalist.com\/wp-content\/uploads\/2022\/10\/FITOTERAPI-31-1140x760.webp 1140w, https:\/\/www.drnaturalist.com\/wp-content\/uploads\/2022\/10\/FITOTERAPI-31-920x613.webp 920w, https:\/\/www.drnaturalist.com\/wp-content\/uploads\/2022\/10\/FITOTERAPI-31-575x383.webp 575w, https:\/\/www.drnaturalist.com\/wp-content\/uploads\/2022\/10\/FITOTERAPI-31-380x253.webp 380w, https:\/\/www.drnaturalist.com\/wp-content\/uploads\/2022\/10\/FITOTERAPI-31-420x280.webp 420w, https:\/\/www.drnaturalist.com\/wp-content\/uploads\/2022\/10\/FITOTERAPI-31-800x533.webp 800w, https:\/\/www.drnaturalist.com\/wp-content\/uploads\/2022\/10\/FITOTERAPI-31.webp 1380w\" sizes=\"auto, (max-width: 1024px) 100vw, 1024px\" \/><\/figure>\n\n\n\n<p>Fitoterapi&nbsp;\u00f6zellikle \u00f6nleyici tedavi konusunda olduk\u00e7a etkili bir y\u00f6ntemdir. Uzmanl\u0131k gerektiren bir alan olarak e\u011fitim programlar\u0131 da mevcuttur. Avrupa\u2019da ise fitoterapi olduk\u00e7a pop\u00fcler entegratif t\u0131p uygulamalar\u0131 aras\u0131ndad\u0131r. Ancak fitoterapi deste\u011fi sadece alan\u0131nda uzman ki\u015filerden al\u0131nmas\u0131, sonu\u00e7lar\u0131n ba\u015far\u0131s\u0131 a\u00e7\u0131s\u0131ndan \u00f6nemlidir. <\/p>\n\n\n\n<h2 class=\"wp-block-heading\">Fitoterapi Nedir?<\/h2>\n\n\n\n<p>Farmakolojinin bir dal\u0131 olan fitoterapi bitkisel ila\u00e7lar\u0131n t\u0131pta kullan\u0131m\u0131d\u0131r.&nbsp;Fitoterapi nedir&nbsp;sorusu \u015f\u00f6yle yan\u0131tlanabilir; \u2018\u2019Fitoterapi, belirli kalite, g\u00fcvenlik ve etkinlik standartlar\u0131na g\u00f6re, hastal\u0131klar\u0131n tedavisinde, hafifletilmesinde ve\/veya \u00f6nlenmesinde, bitkilerden ve bunlardan elde edilen preparatlar\u0131n bilime dayal\u0131 t\u0131bbi kullan\u0131m\u0131d\u0131r.\u201dAvrupa Fitoterapi Bilimsel Kooperatifi yani ESCOP,Avrupa da yer alan bitkisel ila\u00e7 veya fitoterapi topluluklar\u0131n\u0131 temsil eder.<\/p>\n\n\n\n<p>19.y\u00fczy\u0131ldan beri, bilim insanlar\u0131 bitkilerde bulunan aktif i\u00e7erikleri, yani organizma \u00fczerinde aktif \u00f6zelliklere sahip maddeleri ara\u015ft\u0131rm\u0131\u015f ve tan\u0131mlam\u0131\u015flard\u0131r. Bu maddeler izole edilmi\u015f ve kimyasal ila\u00e7lara (aspirin, kortizon, antibiyotikler..vb.) d\u00f6n\u00fc\u015ft\u00fcr\u00fclm\u00fc\u015ft\u00fcr. Bu ila\u00e7lar\u0131n ortaya \u00e7\u0131kmas\u0131, Bat\u0131\u2019daki bitkisel ila\u00e7lar\u0131n azalmas\u0131na neden olmu\u015ftur. 1970\u2019lerde kimyasal molek\u00fcllerin istenmeyen etkilerine dikkat \u00e7ekilmeye ba\u015fland\u0131ktan sonra, do\u011fal \u00e7\u00f6z\u00fcmlere y\u00f6nelme olmaya ba\u015fland\u0131. Fitoterapi bu g\u00fcn bir\u00e7ok yayg\u0131n hastal\u0131\u011f\u0131n tedavisinde kullan\u0131l\u0131yor.<\/p>\n\n\n\n<h2 class=\"wp-block-heading\">Fitoterapi Uzman\u0131(Fitoterapist)<\/h2>\n\n\n\n<p>Fitoterapi d\u00fc\u015f\u00fcn\u00fcld\u00fc\u011f\u00fcn\u00fcn aksine uzmanl\u0131k gerektiren bir aland\u0131r. Bu sebeple de her doktor fitoterapi uzman\u0131 olamaz. Fitoterapist olabilmek i\u00e7in ilgili alanda e\u011fitim alm\u0131\u015f olmak gerekir.&nbsp;<\/p>\n\n\n\n<p>Eczac\u0131l\u0131k fak\u00fcltesini bitirenler y\u00fcksek lisans\u0131n\u0131 bu alanda yaparak uzman olabilirler. Ayn\u0131 \u015fekilde t\u0131p alan\u0131nda e\u011fitim g\u00f6renler, y\u00fcksek lisans\u0131n\u0131 bu alanda yapabilirler. Ayr\u0131ca bu alanda Sa\u011fl\u0131k Bakanl\u0131\u011f\u0131 onayl\u0131 sertifika programlar\u0131 da vard\u0131r.&nbsp;<\/p>\n\n\n\n<p>Fitoterapi uzman\u0131<strong>&nbsp;<\/strong>olmak i\u00e7in temel \u00f6zelliklerden biri bitkileri \u00e7ok iyi tan\u0131mak gereklili\u011fidir. Eczal\u0131kta bu e\u011fitim \u00e7ok daha kapsaml\u0131 olarak verilir. Fitoterapi e\u011fitim programlar\u0131, Avrupa\u2019da olduk\u00e7a yayg\u0131n olup \u00fclkemizde de yeni yeni yayg\u0131nla\u015fmaktad\u0131r. Bu sebeple \u00fclkemizde halen fitoterapi uzmanlar\u0131n\u0131n say\u0131s\u0131 \u00e7ok fazla de\u011fildir. Bu alanda uzmanla\u015fm\u0131\u015f doktorlar \u00e7e\u015fitli hastal\u0131klar\u0131n tedavisinde bitkisel y\u00f6ntemleri ba\u015far\u0131l\u0131 \u015fekilde kullanmakta ve bir\u00e7ok ki\u015finin derdine deva olabilmektedirler.<\/p>\n\n\n\n<figure class=\"wp-block-image alignwide size-large is-style-rounded\"><img loading=\"lazy\" decoding=\"async\" width=\"1024\" height=\"683\" src=\"https:\/\/www.drnaturalist.com\/wp-content\/uploads\/2022\/10\/FITOTERAPI-30-1024x683.webp\" alt=\"\" class=\"wp-image-792\" srcset=\"https:\/\/www.drnaturalist.com\/wp-content\/uploads\/2022\/10\/FITOTERAPI-30-1024x683.webp 1024w, https:\/\/www.drnaturalist.com\/wp-content\/uploads\/2022\/10\/FITOTERAPI-30-300x200.webp 300w, https:\/\/www.drnaturalist.com\/wp-content\/uploads\/2022\/10\/FITOTERAPI-30-768x512.webp 768w, https:\/\/www.drnaturalist.com\/wp-content\/uploads\/2022\/10\/FITOTERAPI-30-1140x760.webp 1140w, https:\/\/www.drnaturalist.com\/wp-content\/uploads\/2022\/10\/FITOTERAPI-30-920x613.webp 920w, https:\/\/www.drnaturalist.com\/wp-content\/uploads\/2022\/10\/FITOTERAPI-30-575x383.webp 575w, https:\/\/www.drnaturalist.com\/wp-content\/uploads\/2022\/10\/FITOTERAPI-30-380x253.webp 380w, https:\/\/www.drnaturalist.com\/wp-content\/uploads\/2022\/10\/FITOTERAPI-30-420x280.webp 420w, https:\/\/www.drnaturalist.com\/wp-content\/uploads\/2022\/10\/FITOTERAPI-30-800x533.webp 800w, https:\/\/www.drnaturalist.com\/wp-content\/uploads\/2022\/10\/FITOTERAPI-30.webp 1380w\" sizes=\"auto, (max-width: 1024px) 100vw, 1024px\" \/><\/figure>\n\n\n\n<h2 class=\"wp-block-heading\">Fitoterapi E\u011fitimi<\/h2>\n\n\n\n<p>Fitoterapi e\u011fitimi, Sa\u011fl\u0131k Bakanl\u0131\u011f\u0131 onayl\u0131 sertifika programlar\u0131 \u00fcniversitelerde ve onayl\u0131 e\u011fitim kurumlar\u0131nda sunulur.&nbsp;<\/p>\n\n\n\n<p>Yap\u0131lan e\u011fitimlere doktorlar, eczac\u0131lar, beslenme uzmanlar\u0131 kat\u0131labiliyor. Fitoterapi ve Do\u011fal T\u0131p Uzman\u0131 olmak i\u00e7in, e\u011fitim a\u015famalar\u0131n\u0131n tamamlanmas\u0131 gerekir.&nbsp;Fitoterapi e\u011fitimi&nbsp;g\u00fcncel geli\u015fmeleri de yak\u0131ndan takip etmeyi gerektirir. Yap\u0131lan sempozyumlar ve konferanslara kat\u0131lmak \u00f6nemlidir. \u00c7\u00fcnk\u00fc bu alanda her ge\u00e7en g\u00fcn yenilikler ortaya \u00e7\u0131kmaktad\u0131r. Fitoterapi e\u011fitiminde al\u0131nan baz\u0131 dersler \u015funlard\u0131r;<\/p>\n\n\n\n<ul class=\"wp-block-list\"><li>Fitoterapinin tan\u0131m\u0131, tarih\u00e7esi ve geli\u015fimi,<\/li><li>Bitkisel ila\u00e7lar\u0131n k\u00f6keni: Etnobotanik Bilimi,<\/li><li>Bitkisel \u00fcr\u00fcnlerde klinik \u00f6ncesi de\u011ferlendirme,<\/li><li>Bitkisel \u00fcr\u00fcnler ve farmakovijilans,<\/li><li>D\u00fcnyada ve T\u00fcrkiye\u2019de fitoterapinin yeri,<\/li><li>Avrupa Farmakopesinde bitkisel drog ve preparat standartlar\u0131,<\/li><li>Eksk\u00fcrsiyon (bitki gezisi),<\/li><li>Bitkisel k\u00f6kenli olan etkin madde gruplar\u0131n\u0131n etkileri ya da etki mekanizmalar\u0131,<\/li><li>Bitkisel k\u00f6kenli farmas\u00f6tik \u00fcr\u00fcnlerin tasar\u0131m\u0131 ve geli\u015fimi, \u015feklindedir.<\/li><\/ul>\n\n\n\n<h2 class=\"wp-block-heading\">Fitoterapi Nas\u0131l Uygulan\u0131r?<\/h2>\n\n\n\n<p>Fitoterapi uygulamalar\u0131nda esas olan hastan\u0131n durumudur. Profesyonel muayene sonras\u0131nda hastan\u0131n ihtiyac\u0131 olan bitkisel ila\u00e7 olanaklar\u0131 belirlenebilir.&nbsp;Fitoterapi nas\u0131l uygulan\u0131r, tarz\u0131nda bir sorusunun cevab\u0131 fitoterapi alanlar\u0131na g\u00f6re de\u011fi\u015fir. Fitoterapinin alanlar\u0131ndan baz\u0131lar\u0131n\u0131 \u015f\u00f6yle s\u0131ralayabiliriz;<\/p>\n\n\n\n<ul class=\"wp-block-list\"><li>G\u00f6z hastal\u0131klar\u0131nda fitoterapi,<\/li><li>Gastroenterolojide fitoterapi,<\/li><li>Kad\u0131n hastal\u0131klar\u0131nda fitoterapi,<\/li><li>Endokrinoloji ve metobolik hastal\u0131klarda fitoterapi,<\/li><li>Cilt hastal\u0131klar\u0131nda fitoterapi,<\/li><li>N\u00f6rodejeneratif hastal\u0131klarda fitoterapi,<\/li><li>Onkolojide fitoterapi,<\/li><li>\u0130mm\u00fcnomod\u00fclat\u00f6r etkili fitoterap\u00f6tikler,<\/li><li>Fitoterapi ile semptomatik tedavidir.<\/li><\/ul>\n\n\n\n<h2 class=\"wp-block-heading\"><\/h2>\n\n\n\n<h2 class=\"wp-block-heading\"><\/h2>\n\n\n\n<h2 class=\"wp-block-heading\"><\/h2>\n\n\n\n<h2 class=\"wp-block-heading\"><\/h2>\n\n\n\n<h2 class=\"wp-block-heading\"><\/h2>\n\n\n\n<h2 class=\"wp-block-heading\"><\/h2>\n","protected":false},"excerpt":{"rendered":"<p>Fitoterapi Fitoterapi bitkilerle tedavi anlam\u0131na gelen son y\u0131llarda muasir t\u0131p alan\u0131nda yerini sabitlemi\u015f bir tedaviler koludur. Asl\u0131nda bitkilerle tedavi y\u00fczy\u0131llar \u00f6ncesinden beri insan hayat\u0131n\u0131n bir par\u00e7as\u0131 olmu\u015ftur. Ancak kimyasal ila\u00e7lar\u0131n [&hellip;]<\/p>\n","protected":false},"author":1,"featured_media":0,"parent":0,"menu_order":0,"comment_status":"closed","ping_status":"closed","template":"","meta":{"footnotes":""},"class_list":["post-464","page","type-page","status-publish","hentry"],"_links":{"self":[{"href":"https:\/\/www.drnaturalist.com\/index.php\/wp-json\/wp\/v2\/pages\/464","targetHints":{"allow":["GET"]}}],"collection":[{"href":"https:\/\/www.drnaturalist.com\/index.php\/wp-json\/wp\/v2\/pages"}],"about":[{"href":"https:\/\/www.drnaturalist.com\/index.php\/wp-json\/wp\/v2\/types\/page"}],"author":[{"embeddable":true,"href":"https:\/\/www.drnaturalist.com\/index.php\/wp-json\/wp\/v2\/users\/1"}],"replies":[{"embeddable":true,"href":"https:\/\/www.drnaturalist.com\/index.php\/wp-json\/wp\/v2\/comments?post=464"}],"version-history":[{"count":8,"href":"https:\/\/www.drnaturalist.com\/index.php\/wp-json\/wp\/v2\/pages\/464\/revisions"}],"predecessor-version":[{"id":835,"href":"https:\/\/www.drnaturalist.com\/index.php\/wp-json\/wp\/v2\/pages\/464\/revisions\/835"}],"wp:attachment":[{"href":"https:\/\/www.drnaturalist.com\/index.php\/wp-json\/wp\/v2\/media?parent=464"}],"curies":[{"name":"wp","href":"https:\/\/api.w.org\/{rel}","templated":true}]}}